{"id":2303,"date":"2025-07-30T20:26:26","date_gmt":"2025-07-30T20:26:26","guid":{"rendered":"https:\/\/bichrifleurs.com\/?post_type=product&#038;p=2303"},"modified":"2025-08-01T19:24:07","modified_gmt":"2025-08-01T19:24:07","slug":"rouge-passion","status":"publish","type":"product","link":"https:\/\/bichrifleurs.com\/?product=rouge-passion","title":{"rendered":"Rouge Passion"},"content":{"rendered":"<p data-start=\"214\" data-end=\"537\">Un bouquet \u00e9l\u00e9gant et raffin\u00e9 compos\u00e9 de roses rouges profondes, sublim\u00e9es par une touche d\u00e9licate de gypsophile blanche.<br data-start=\"335\" data-end=\"338\" \/>Parfait pour exprimer l\u2019amour intense, la passion ou pour marquer un moment inoubliable.<\/p>\n<p data-start=\"214\" data-end=\"537\"><br data-start=\"426\" data-end=\"429\" \/>Pr\u00e9sent\u00e9 dans un emballage blanc chic avec un ruban rouge vibrant, ce bouquet incarne l\u2019\u00e9l\u00e9gance romantique.<\/p>\n","protected":false},"excerpt":{"rendered":"<p>Un bouquet \u00e9l\u00e9gant et raffin\u00e9 compos\u00e9 de roses rouges profondes, sublim\u00e9es par une touche d\u00e9licate de gypsophile blanche.Parfait pour exprimer l\u2019amour intense, la passion ou pour marquer un moment inoubliable. Pr\u00e9sent\u00e9 dans un emballage blanc chic avec un ruban rouge vibrant, ce bouquet incarne l\u2019\u00e9l\u00e9gance romantique.<\/p>\n","protected":false},"featured_media":2304,"comment_status":"open","ping_status":"closed","template":"","meta":{"site-sidebar-layout":"default","site-content-layout":"","ast-site-content-layout":"default","site-content-style":"default","site-sidebar-style":"default","ast-global-header-display":"","ast-banner-title-visibility":"","ast-main-header-display":"","ast-hfb-above-header-display":"","ast-hfb-below-header-display":"","ast-hfb-mobile-header-display":"","site-post-title":"","ast-breadcrumbs-content":"","ast-featured-img":"","footer-sml-layout":"","theme-transparent-header-meta":"default","adv-header-id-meta":"","stick-header-meta":"","header-above-stick-meta":"","header-main-stick-meta":"","header-below-stick-meta":"","astra-migrate-meta-layouts":"set","ast-page-background-enabled":"default","ast-page-background-meta":{"desktop":{"background-color":"","background-image":"","background-repeat":"repeat","background-position":"center center","background-size":"auto","background-attachment":"scroll","background-type":"","background-media":"","overlay-type":"","overlay-color":"","overlay-opacity":"","overlay-gradient":""},"tablet":{"background-color":"","background-image":"","background-repeat":"repeat","background-position":"center center","background-size":"auto","background-attachment":"scroll","background-type":"","background-media":"","overlay-type":"","overlay-color":"","overlay-opacity":"","overlay-gradient":""},"mobile":{"background-color":"","background-image":"","background-repeat":"repeat","background-position":"center center","background-size":"auto","background-attachment":"scroll","background-type":"","background-media":"","overlay-type":"","overlay-color":"","overlay-opacity":"","overlay-gradient":""}},"ast-content-background-meta":{"desktop":{"background-color":"var(--ast-global-color-5)","background-image":"","background-repeat":"repeat","background-position":"center center","background-size":"auto","background-attachment":"scroll","background-type":"","background-media":"","overlay-type":"","overlay-color":"","overlay-opacity":"","overlay-gradient":""},"tablet":{"background-color":"var(--ast-global-color-5)","background-image":"","background-repeat":"repeat","background-position":"center center","background-size":"auto","background-attachment":"scroll","background-type":"","background-media":"","overlay-type":"","overlay-color":"","overlay-opacity":"","overlay-gradient":""},"mobile":{"background-color":"var(--ast-global-color-5)","background-image":"","background-repeat":"repeat","background-position":"center center","background-size":"auto","background-attachment":"scroll","background-type":"","background-media":"","overlay-type":"","overlay-color":"","overlay-opacity":"","overlay-gradient":""}}},"product_brand":[],"product_cat":[17],"product_tag":[],"class_list":{"0":"post-2303","1":"product","2":"type-product","3":"status-publish","4":"has-post-thumbnail","6":"product_cat-composition-florale","7":"desktop-align-left","8":"tablet-align-left","9":"mobile-align-left","11":"first","12":"instock","13":"taxable","14":"shipping-taxable","15":"purchasable","16":"product-type-simple"},"jetpack_sharing_enabled":true,"_links":{"self":[{"href":"https:\/\/bichrifleurs.com\/index.php?rest_route=\/wp\/v2\/product\/2303","targetHints":{"allow":["GET"]}}],"collection":[{"href":"https:\/\/bichrifleurs.com\/index.php?rest_route=\/wp\/v2\/product"}],"about":[{"href":"https:\/\/bichrifleurs.com\/index.php?rest_route=\/wp\/v2\/types\/product"}],"replies":[{"embeddable":true,"href":"https:\/\/bichrifleurs.com\/index.php?rest_route=%2Fwp%2Fv2%2Fcomments&post=2303"}],"wp:featuredmedia":[{"embeddable":true,"href":"https:\/\/bichrifleurs.com\/index.php?rest_route=\/wp\/v2\/media\/2304"}],"wp:attachment":[{"href":"https:\/\/bichrifleurs.com\/index.php?rest_route=%2Fwp%2Fv2%2Fmedia&parent=2303"}],"wp:term":[{"taxonomy":"product_brand","embeddable":true,"href":"https:\/\/bichrifleurs.com\/index.php?rest_route=%2Fwp%2Fv2%2Fproduct_brand&post=2303"},{"taxonomy":"product_cat","embeddable":true,"href":"https:\/\/bichrifleurs.com\/index.php?rest_route=%2Fwp%2Fv2%2Fproduct_cat&post=2303"},{"taxonomy":"product_tag","embeddable":true,"href":"https:\/\/bichrifleurs.com\/index.php?rest_route=%2Fwp%2Fv2%2Fproduct_tag&post=2303"}],"curies":[{"name":"wp","href":"https:\/\/api.w.org\/{rel}","templated":true}]}}